{"id":869,"date":"2017-12-08T17:47:37","date_gmt":"2017-12-08T15:47:37","guid":{"rendered":"https:\/\/rasilaisenhapankaali.fi\/?page_id=869"},"modified":"2018-08-29T07:00:20","modified_gmt":"2018-08-29T04:00:20","slug":"our-story","status":"publish","type":"page","link":"https:\/\/rasilaisenhapankaali.fi\/en\/our-story\/","title":{"rendered":"Our story"},"content":{"rendered":"<div id='av_section_1'  class='avia-section alternate_color avia-section-default avia-no-border-styling  avia-bg-style-scroll  avia-builder-el-0  el_before_av_section  avia-builder-el-first   container_wrap fullsize' style=' '  ><div class='container' ><main  role=\"main\" itemprop=\"mainContentOfPage\"  class='template-page content  av-content-full alpha units'><div class='post-entry post-entry-type-page post-entry-869'><div class='entry-content-wrapper clearfix'>\n<div  style='padding-bottom:0px; ' class='av-special-heading av-special-heading-h1  blockquote modern-quote modern-centered  avia-builder-el-1  avia-builder-el-no-sibling  playfair-sc '><h1 class='av-special-heading-tag '  itemprop=\"headline\"  >Our story<\/h1><div class='special-heading-border'><div class='special-heading-inner-border' ><\/div><\/div><\/div>\n\n<\/div><\/div><\/main><!-- close content main element --><\/div><\/div><div id='tarinamme'  class='avia-section main_color avia-section-default avia-no-border-styling  avia-full-stretch avia-bg-style-scroll  avia-builder-el-2  el_after_av_section  avia-builder-el-last  header-with-bg  container_wrap fullsize' style='background-repeat: no-repeat; background-image: url(https:\/\/rasilaisenhapankaali.fi\/wp-content\/uploads\/2017\/08\/Tarinamme_taustaa.jpg);background-attachment: scroll; background-position: center center;  '  data-section-bg-repeat='stretch'><div class='container' ><div class='template-page content  av-content-full alpha units'><div class='post-entry post-entry-type-page post-entry-869'><div class='entry-content-wrapper clearfix'>\n<div class=\"flex_column av_one_full  flex_column_div av-zero-column-padding first  avia-builder-el-3  avia-builder-el-no-sibling  tarinamme-wrapper \" style='border-radius:0px; '><p><div  class='avia-image-container  av-styling-no-styling    avia-builder-el-4  el_before_av_textblock  avia-builder-el-first  tarinamme-img avia-align-center '  itemprop=\"image\" itemscope=\"itemscope\" itemtype=\"https:\/\/schema.org\/ImageObject\"  ><div class='avia-image-container-inner'><div class='avia-image-overlay-wrap'><img class='avia_image' src='https:\/\/rasilaisenhapankaali.fi\/wp-content\/uploads\/2017\/08\/Tarinamme_taustaa-1030x1030.jpg' alt='' title='Tarinamme_taustaa' height=\"1030\" width=\"1030\"  itemprop=\"thumbnailUrl\"  \/><\/div><\/div><\/div><br \/>\n<section class=\"av_textblock_section \"  itemscope=\"itemscope\" itemtype=\"https:\/\/schema.org\/CreativeWork\" ><div class='avia_textblock tarinamme-text '   itemprop=\"text\" ><h2><em>Greetings from us at Rasilainen,<\/em><\/h2>\n<p class=\"p1\"><span class=\"s1\">Our work is\u00a0guided by a passion and a love for vegetables, sparked originally\u00a0during our decades of cultivating\u00a0vegetables. We produce delicious vegetable\u00a0products that enrich your diet and make\u00a0these natural ingredients the stars of\u00a0our meals. We want to nurture an\u00a0affection for vegetables in as many people as\u00a0possible and to make them aware\u00a0of the wellbeing they produce.<\/span><\/p>\n<p class=\"p1\"><span class=\"s1\">Our family\u00a0business has been producing sauerkraut since the 1970s. The\u00a0recipe for our\u00a0zesty, classic sauerkraut has been evolved to suit Nordic tastes\u00a0from the\u00a0original recipe created by an elderly Russian friend. In the 1990s we\u00a0developed\u00a0the operations of Rasilaisen Puutarha (Rasilainen Gardens),\u00a0focusing on the\u00a0production of vegetable products and founding Rasilaisen\u00a0Hapankaali (Rasilainen\u00a0Sauerkraut) Ltd.<\/span><\/p>\n<p class=\"p1\"><span class=\"s1\">Inspired by our\u00a0classic products, we developed new, captivating flavour\u00a0combinations. Based in\u00a0the southern Finnish town of Kerava, we continue to\u00a0foster our traditions while\u00a0continuously developing delicious new products for\u00a0the enjoyment of vegetable\u00a0fans.<\/span><\/p>\n<p class=\"p1\"><span class=\"s1\">We conjure flavour\u00a0and colour for your plate \u2013<br \/>\nand add a little spark to your life!<\/span><\/p>\n<p>With greetings,<\/p>\n<p><em>The Rasilainens<\/em><\/p>\n<\/div><\/section><\/p><\/div>\n","protected":false},"excerpt":{"rendered":"","protected":false},"author":1,"featured_media":0,"parent":0,"menu_order":0,"comment_status":"closed","ping_status":"closed","template":"","meta":{"_acf_changed":false,"footnotes":""},"class_list":["post-869","page","type-page","status-publish","hentry"],"acf":[],"yoast_head":"<!-- This site is optimized with the Yoast SEO plugin v27.1.1 - https:\/\/yoast.com\/product\/yoast-seo-wordpress\/ -->\n<title>Our story - Rasilainen<\/title>\n<meta name=\"description\" content=\"Ty\u00f6t\u00e4mme ohjaa intohimo ja rakkaus kasviksiin, joka syttyi aloittaessamme viljelytoiminnan vuosikymmeni\u00e4 sitten. Tutustu Rasilaisen tarinaan!\" \/>\n<meta name=\"robots\" content=\"index, follow, max-snippet:-1, max-image-preview:large, max-video-preview:-1\" \/>\n<link rel=\"canonical\" href=\"https:\/\/rasilaisenhapankaali.fi\/en\/our-story\/\" \/>\n<meta property=\"og:locale\" content=\"en_US\" \/>\n<meta property=\"og:type\" content=\"article\" \/>\n<meta property=\"og:title\" content=\"Our story - Rasilainen\" \/>\n<meta property=\"og:description\" content=\"Ty\u00f6t\u00e4mme ohjaa intohimo ja rakkaus kasviksiin, joka syttyi aloittaessamme viljelytoiminnan vuosikymmeni\u00e4 sitten. Tutustu Rasilaisen tarinaan!\" \/>\n<meta property=\"og:url\" content=\"https:\/\/rasilaisenhapankaali.fi\/en\/our-story\/\" \/>\n<meta property=\"og:site_name\" content=\"Rasilainen\" \/>\n<meta property=\"article:modified_time\" content=\"2018-08-29T04:00:20+00:00\" \/>\n<meta property=\"og:image\" content=\"https:\/\/rasilaisenhapankaali.fi\/wp-content\/uploads\/2017\/12\/FB-thumbnail-1200x630px.jpg\" \/>\n\t<meta property=\"og:image:width\" content=\"1200\" \/>\n\t<meta property=\"og:image:height\" content=\"630\" \/>\n\t<meta property=\"og:image:type\" content=\"image\/jpeg\" \/>\n<meta name=\"twitter:card\" content=\"summary_large_image\" \/>\n<meta name=\"twitter:label1\" content=\"Est. reading time\" \/>\n\t<meta name=\"twitter:data1\" content=\"3 minutes\" \/>\n<script type=\"application\/ld+json\" class=\"yoast-schema-graph\">{\"@context\":\"https:\/\/schema.org\",\"@graph\":[{\"@type\":\"WebPage\",\"@id\":\"https:\/\/rasilaisenhapankaali.fi\/en\/our-story\/\",\"url\":\"https:\/\/rasilaisenhapankaali.fi\/en\/our-story\/\",\"name\":\"Our story - Rasilainen\",\"isPartOf\":{\"@id\":\"https:\/\/rasilaisenhapankaali.fi\/#website\"},\"datePublished\":\"2017-12-08T15:47:37+00:00\",\"dateModified\":\"2018-08-29T04:00:20+00:00\",\"description\":\"Ty\u00f6t\u00e4mme ohjaa intohimo ja rakkaus kasviksiin, joka syttyi aloittaessamme viljelytoiminnan vuosikymmeni\u00e4 sitten. Tutustu Rasilaisen tarinaan!\",\"breadcrumb\":{\"@id\":\"https:\/\/rasilaisenhapankaali.fi\/en\/our-story\/#breadcrumb\"},\"inLanguage\":\"en\",\"potentialAction\":[{\"@type\":\"ReadAction\",\"target\":[\"https:\/\/rasilaisenhapankaali.fi\/en\/our-story\/\"]}]},{\"@type\":\"BreadcrumbList\",\"@id\":\"https:\/\/rasilaisenhapankaali.fi\/en\/our-story\/#breadcrumb\",\"itemListElement\":[{\"@type\":\"ListItem\",\"position\":1,\"name\":\"Home\",\"item\":\"https:\/\/rasilaisenhapankaali.fi\/en\/\"},{\"@type\":\"ListItem\",\"position\":2,\"name\":\"Our story\"}]},{\"@type\":\"WebSite\",\"@id\":\"https:\/\/rasilaisenhapankaali.fi\/#website\",\"url\":\"https:\/\/rasilaisenhapankaali.fi\/\",\"name\":\"Rasilainen\",\"description\":\"Just another WordPress site\",\"potentialAction\":[{\"@type\":\"SearchAction\",\"target\":{\"@type\":\"EntryPoint\",\"urlTemplate\":\"https:\/\/rasilaisenhapankaali.fi\/?s={search_term_string}\"},\"query-input\":{\"@type\":\"PropertyValueSpecification\",\"valueRequired\":true,\"valueName\":\"search_term_string\"}}],\"inLanguage\":\"en\"}]}<\/script>\n<!-- \/ Yoast SEO plugin. -->","yoast_head_json":{"title":"Our story - Rasilainen","description":"Ty\u00f6t\u00e4mme ohjaa intohimo ja rakkaus kasviksiin, joka syttyi aloittaessamme viljelytoiminnan vuosikymmeni\u00e4 sitten. Tutustu Rasilaisen tarinaan!","robots":{"index":"index","follow":"follow","max-snippet":"max-snippet:-1","max-image-preview":"max-image-preview:large","max-video-preview":"max-video-preview:-1"},"canonical":"https:\/\/rasilaisenhapankaali.fi\/en\/our-story\/","og_locale":"en_US","og_type":"article","og_title":"Our story - Rasilainen","og_description":"Ty\u00f6t\u00e4mme ohjaa intohimo ja rakkaus kasviksiin, joka syttyi aloittaessamme viljelytoiminnan vuosikymmeni\u00e4 sitten. Tutustu Rasilaisen tarinaan!","og_url":"https:\/\/rasilaisenhapankaali.fi\/en\/our-story\/","og_site_name":"Rasilainen","article_modified_time":"2018-08-29T04:00:20+00:00","og_image":[{"width":1200,"height":630,"url":"https:\/\/rasilaisenhapankaali.fi\/wp-content\/uploads\/2017\/12\/FB-thumbnail-1200x630px.jpg","type":"image\/jpeg"}],"twitter_card":"summary_large_image","twitter_misc":{"Est. reading time":"3 minutes"},"schema":{"@context":"https:\/\/schema.org","@graph":[{"@type":"WebPage","@id":"https:\/\/rasilaisenhapankaali.fi\/en\/our-story\/","url":"https:\/\/rasilaisenhapankaali.fi\/en\/our-story\/","name":"Our story - Rasilainen","isPartOf":{"@id":"https:\/\/rasilaisenhapankaali.fi\/#website"},"datePublished":"2017-12-08T15:47:37+00:00","dateModified":"2018-08-29T04:00:20+00:00","description":"Ty\u00f6t\u00e4mme ohjaa intohimo ja rakkaus kasviksiin, joka syttyi aloittaessamme viljelytoiminnan vuosikymmeni\u00e4 sitten. Tutustu Rasilaisen tarinaan!","breadcrumb":{"@id":"https:\/\/rasilaisenhapankaali.fi\/en\/our-story\/#breadcrumb"},"inLanguage":"en","potentialAction":[{"@type":"ReadAction","target":["https:\/\/rasilaisenhapankaali.fi\/en\/our-story\/"]}]},{"@type":"BreadcrumbList","@id":"https:\/\/rasilaisenhapankaali.fi\/en\/our-story\/#breadcrumb","itemListElement":[{"@type":"ListItem","position":1,"name":"Home","item":"https:\/\/rasilaisenhapankaali.fi\/en\/"},{"@type":"ListItem","position":2,"name":"Our story"}]},{"@type":"WebSite","@id":"https:\/\/rasilaisenhapankaali.fi\/#website","url":"https:\/\/rasilaisenhapankaali.fi\/","name":"Rasilainen","description":"Just another WordPress site","potentialAction":[{"@type":"SearchAction","target":{"@type":"EntryPoint","urlTemplate":"https:\/\/rasilaisenhapankaali.fi\/?s={search_term_string}"},"query-input":{"@type":"PropertyValueSpecification","valueRequired":true,"valueName":"search_term_string"}}],"inLanguage":"en"}]}},"_links":{"self":[{"href":"https:\/\/rasilaisenhapankaali.fi\/en\/wp-json\/wp\/v2\/pages\/869","targetHints":{"allow":["GET"]}}],"collection":[{"href":"https:\/\/rasilaisenhapankaali.fi\/en\/wp-json\/wp\/v2\/pages"}],"about":[{"href":"https:\/\/rasilaisenhapankaali.fi\/en\/wp-json\/wp\/v2\/types\/page"}],"author":[{"embeddable":true,"href":"https:\/\/rasilaisenhapankaali.fi\/en\/wp-json\/wp\/v2\/users\/1"}],"replies":[{"embeddable":true,"href":"https:\/\/rasilaisenhapankaali.fi\/en\/wp-json\/wp\/v2\/comments?post=869"}],"version-history":[{"count":5,"href":"https:\/\/rasilaisenhapankaali.fi\/en\/wp-json\/wp\/v2\/pages\/869\/revisions"}],"predecessor-version":[{"id":1703,"href":"https:\/\/rasilaisenhapankaali.fi\/en\/wp-json\/wp\/v2\/pages\/869\/revisions\/1703"}],"wp:attachment":[{"href":"https:\/\/rasilaisenhapankaali.fi\/en\/wp-json\/wp\/v2\/media?parent=869"}],"curies":[{"name":"wp","href":"https:\/\/api.w.org\/{rel}","templated":true}]}}